{"id":935,"date":"2024-08-01T12:31:35","date_gmt":"2024-08-01T15:31:35","guid":{"rendered":"https:\/\/jlterraplenagem.com.br\/global\/?page_id=935"},"modified":"2024-11-25T10:13:42","modified_gmt":"2024-11-25T13:13:42","slug":"obras-demolicao","status":"publish","type":"page","link":"https:\/\/jlterraplenagem.com.br\/global\/obras-demolicao\/","title":{"rendered":"obras demoli\u00e7\u00e3o"},"content":{"rendered":"\t\t<div data-elementor-type=\"wp-page\" data-elementor-id=\"935\" class=\"elementor elementor-935\" data-elementor-post-type=\"page\">\n\t\t\t\t<div class=\"elementor-element elementor-element-655813e e-flex e-con-boxed e-con e-parent\" data-id=\"655813e\" data-element_type=\"container\">\n\t\t\t\t\t<div class=\"e-con-inner\">\n\t\t\t\t<div class=\"elementor-element elementor-element-db5ed80 elementor-widget elementor-widget-heading\" data-id=\"db5ed80\" data-element_type=\"widget\" data-widget_type=\"heading.default\">\n\t\t\t\t<div class=\"elementor-widget-container\">\n\t\t\t<style>\/*! elementor - v3.22.0 - 17-06-2024 *\/\n.elementor-heading-title{padding:0;margin:0;line-height:1}.elementor-widget-heading .elementor-heading-title[class*=elementor-size-]>a{color:inherit;font-size:inherit;line-height:inherit}.elementor-widget-heading .elementor-heading-title.elementor-size-small{font-size:15px}.elementor-widget-heading .elementor-heading-title.elementor-size-medium{font-size:19px}.elementor-widget-heading .elementor-heading-title.elementor-size-large{font-size:29px}.elementor-widget-heading .elementor-heading-title.elementor-size-xl{font-size:39px}.elementor-widget-heading .elementor-heading-title.elementor-size-xxl{font-size:59px}<\/style><h2 class=\"elementor-heading-title elementor-size-default\">Obras de Demoli\u00e7\u00e3o<\/h2>\t\t<\/div>\n\t\t\t\t<\/div>\n\t\t\t\t<div class=\"elementor-element elementor-element-d07b104 elementor-grid-3 elementor-grid-tablet-2 elementor-grid-mobile-1 elementor-posts--thumbnail-top elementor-posts__hover-gradient elementor-widget elementor-widget-posts\" data-id=\"d07b104\" data-element_type=\"widget\" data-settings=\"{&quot;cards_row_gap&quot;:{&quot;unit&quot;:&quot;px&quot;,&quot;size&quot;:19,&quot;sizes&quot;:[]},&quot;pagination_type&quot;:&quot;load_more_infinite_scroll&quot;,&quot;cards_columns&quot;:&quot;3&quot;,&quot;cards_columns_tablet&quot;:&quot;2&quot;,&quot;cards_columns_mobile&quot;:&quot;1&quot;,&quot;cards_row_gap_tablet&quot;:{&quot;unit&quot;:&quot;px&quot;,&quot;size&quot;:&quot;&quot;,&quot;sizes&quot;:[]},&quot;cards_row_gap_mobile&quot;:{&quot;unit&quot;:&quot;px&quot;,&quot;size&quot;:&quot;&quot;,&quot;sizes&quot;:[]},&quot;load_more_spinner&quot;:{&quot;value&quot;:&quot;fas fa-spinner&quot;,&quot;library&quot;:&quot;fa-solid&quot;}}\" data-widget_type=\"posts.cards\">\n\t\t\t\t<div class=\"elementor-widget-container\">\n\t\t\t<link rel=\"stylesheet\" href=\"https:\/\/jlterraplenagem.com.br\/global\/wp-content\/plugins\/elementor-pro\/assets\/css\/widget-posts.min.css\">\t\t<div class=\"elementor-posts-container elementor-posts elementor-posts--skin-cards elementor-grid\">\n\t\t\t\t<article class=\"elementor-post elementor-grid-item post-874 post type-post status-publish format-standard has-post-thumbnail hentry category-obras category-obras-demolicao category-sem-categoria tag-demolicao\">\n\t\t\t<div class=\"elementor-post__card\">\n\t\t\t\t<a class=\"elementor-post__thumbnail__link\" href=\"https:\/\/jlterraplenagem.com.br\/global\/colegio-militar\/\" tabindex=\"-1\" ><div class=\"elementor-post__thumbnail\"><img fetchpriority=\"high\" decoding=\"async\" width=\"300\" height=\"169\" src=\"https:\/\/jlterraplenagem.com.br\/global\/wp-content\/uploads\/2024\/07\/Design-sem-nome-3-300x169.jpg\" class=\"attachment-medium size-medium wp-image-876\" alt=\"\" srcset=\"https:\/\/jlterraplenagem.com.br\/global\/wp-content\/uploads\/2024\/07\/Design-sem-nome-3-300x169.jpg 300w, https:\/\/jlterraplenagem.com.br\/global\/wp-content\/uploads\/2024\/07\/Design-sem-nome-3-1024x576.jpg 1024w, https:\/\/jlterraplenagem.com.br\/global\/wp-content\/uploads\/2024\/07\/Design-sem-nome-3-768x432.jpg 768w, https:\/\/jlterraplenagem.com.br\/global\/wp-content\/uploads\/2024\/07\/Design-sem-nome-3-1536x864.jpg 1536w, https:\/\/jlterraplenagem.com.br\/global\/wp-content\/uploads\/2024\/07\/Design-sem-nome-3.jpg 1920w\" sizes=\"(max-width: 300px) 100vw, 300px\" \/><\/div><\/a>\n\t\t\t\t<div class=\"elementor-post__text\">\n\t\t\t\t<h3 class=\"elementor-post__title\">\n\t\t\t<a href=\"https:\/\/jlterraplenagem.com.br\/global\/colegio-militar\/\" >\n\t\t\t\tCol\u00e9gio Militar (Ex\u00e9rcito) \u2013 7.000 m\u00b3\t\t\t<\/a>\n\t\t<\/h3>\n\t\t\t\t<\/div>\n\t\t\t\t\t<\/div>\n\t\t<\/article>\n\t\t\t\t<\/div>\n\t\t\t\t\t<span class=\"e-load-more-spinner\">\n\t\t\t\t<svg aria-hidden=\"true\" class=\"e-font-icon-svg e-fas-spinner\" viewBox=\"0 0 512 512\" xmlns=\"http:\/\/www.w3.org\/2000\/svg\"><path d=\"M304 48c0 26.51-21.49 48-48 48s-48-21.49-48-48 21.49-48 48-48 48 21.49 48 48zm-48 368c-26.51 0-48 21.49-48 48s21.49 48 48 48 48-21.49 48-48-21.49-48-48-48zm208-208c-26.51 0-48 21.49-48 48s21.49 48 48 48 48-21.49 48-48-21.49-48-48-48zM96 256c0-26.51-21.49-48-48-48S0 229.49 0 256s21.49 48 48 48 48-21.49 48-48zm12.922 99.078c-26.51 0-48 21.49-48 48s21.49 48 48 48 48-21.49 48-48c0-26.509-21.491-48-48-48zm294.156 0c-26.51 0-48 21.49-48 48s21.49 48 48 48 48-21.49 48-48c0-26.509-21.49-48-48-48zM108.922 60.922c-26.51 0-48 21.49-48 48s21.49 48 48 48 48-21.49 48-48-21.491-48-48-48z\"><\/path><\/svg>\t\t\t<\/span>\n\t\t\n\t\t\t\t<\/div>\n\t\t\t\t<\/div>\n\t\t\t\t\t<\/div>\n\t\t\t\t<\/div>\n\t\t\t\t<\/div>\n\t\t","protected":false},"excerpt":{"rendered":"<p>Obras de Demoli\u00e7\u00e3o<\/p>\n","protected":false},"author":1,"featured_media":0,"parent":0,"menu_order":0,"comment_status":"closed","ping_status":"closed","template":"elementor_header_footer","meta":{"_acf_changed":false,"_yoast_wpseo_focuskw":"","_yoast_wpseo_title":"","_yoast_wpseo_metadesc":"","neve_meta_sidebar":"","neve_meta_container":"","neve_meta_enable_content_width":"","neve_meta_content_width":0,"neve_meta_title_alignment":"","neve_meta_author_avatar":"","neve_post_elements_order":"","neve_meta_disable_header":"","neve_meta_disable_footer":"","neve_meta_disable_title":"","footnotes":""},"class_list":["post-935","page","type-page","status-publish","hentry"],"acf":{"bloco1title":"","bloco1text":"","bloco2title":"","bloco2text":"","bloco3title":"","bloco3text":"","posttitle":"","postcontent":"","insightwidtitle":"","insightwidcontent":""},"yoast_head":"<!-- This site is optimized with the Yoast SEO Premium plugin v18.3 (Yoast SEO v23.4) - https:\/\/yoast.com\/wordpress\/plugins\/seo\/ -->\n<title>obras demoli\u00e7\u00e3o - JL Terraplenagem<\/title>\n<meta name=\"robots\" content=\"index, follow, max-snippet:-1, max-image-preview:large, max-video-preview:-1\" \/>\n<link rel=\"canonical\" href=\"https:\/\/jlterraplenagem.com.br\/global\/obras-demolicao\/\" \/>\n<meta property=\"og:locale\" content=\"pt_BR\" \/>\n<meta property=\"og:type\" content=\"article\" \/>\n<meta property=\"og:title\" content=\"obras demoli\u00e7\u00e3o\" \/>\n<meta property=\"og:description\" content=\"Obras de Demoli\u00e7\u00e3o\" \/>\n<meta property=\"og:url\" content=\"https:\/\/jlterraplenagem.com.br\/global\/obras-demolicao\/\" \/>\n<meta property=\"og:site_name\" content=\"JL Terraplenagem\" \/>\n<meta property=\"article:modified_time\" content=\"2024-11-25T13:13:42+00:00\" \/>\n<meta name=\"twitter:card\" content=\"summary_large_image\" \/>\n<meta name=\"twitter:label1\" content=\"Est. tempo de leitura\" \/>\n\t<meta name=\"twitter:data1\" content=\"1 minuto\" \/>\n<script type=\"application\/ld+json\" class=\"yoast-schema-graph\">{\"@context\":\"https:\/\/schema.org\",\"@graph\":[{\"@type\":\"WebPage\",\"@id\":\"https:\/\/jlterraplenagem.com.br\/global\/obras-demolicao\/\",\"url\":\"https:\/\/jlterraplenagem.com.br\/global\/obras-demolicao\/\",\"name\":\"obras demoli\u00e7\u00e3o - JL Terraplenagem\",\"isPartOf\":{\"@id\":\"https:\/\/jlterraplenagem.com.br\/global\/#website\"},\"datePublished\":\"2024-08-01T15:31:35+00:00\",\"dateModified\":\"2024-11-25T13:13:42+00:00\",\"breadcrumb\":{\"@id\":\"https:\/\/jlterraplenagem.com.br\/global\/obras-demolicao\/#breadcrumb\"},\"inLanguage\":\"pt-BR\",\"potentialAction\":[{\"@type\":\"ReadAction\",\"target\":[\"https:\/\/jlterraplenagem.com.br\/global\/obras-demolicao\/\"]}]},{\"@type\":\"BreadcrumbList\",\"@id\":\"https:\/\/jlterraplenagem.com.br\/global\/obras-demolicao\/#breadcrumb\",\"itemListElement\":[{\"@type\":\"ListItem\",\"position\":1,\"name\":\"Home\",\"item\":\"https:\/\/jlterraplenagem.com.br\/global\/\"},{\"@type\":\"ListItem\",\"position\":2,\"name\":\"obras demoli\u00e7\u00e3o\"}]},{\"@type\":\"WebSite\",\"@id\":\"https:\/\/jlterraplenagem.com.br\/global\/#website\",\"url\":\"https:\/\/jlterraplenagem.com.br\/global\/\",\"name\":\"JL Terraplenagem\",\"description\":\"\",\"publisher\":{\"@id\":\"https:\/\/jlterraplenagem.com.br\/global\/#organization\"},\"potentialAction\":[{\"@type\":\"SearchAction\",\"target\":{\"@type\":\"EntryPoint\",\"urlTemplate\":\"https:\/\/jlterraplenagem.com.br\/global\/?s={search_term_string}\"},\"query-input\":{\"@type\":\"PropertyValueSpecification\",\"valueRequired\":true,\"valueName\":\"search_term_string\"}}],\"inLanguage\":\"pt-BR\"},{\"@type\":\"Organization\",\"@id\":\"https:\/\/jlterraplenagem.com.br\/global\/#organization\",\"name\":\"JL Terraplenagem\",\"url\":\"https:\/\/jlterraplenagem.com.br\/global\/\",\"logo\":{\"@type\":\"ImageObject\",\"inLanguage\":\"pt-BR\",\"@id\":\"https:\/\/jlterraplenagem.com.br\/global\/#\/schema\/logo\/image\/\",\"url\":\"https:\/\/jlterraplenagem.com.br\/global\/wp-content\/uploads\/2024\/06\/WhatsApp-Image-2023-07-06-at-10.00.41-1024x490-1.jpeg\",\"contentUrl\":\"https:\/\/jlterraplenagem.com.br\/global\/wp-content\/uploads\/2024\/06\/WhatsApp-Image-2023-07-06-at-10.00.41-1024x490-1.jpeg\",\"width\":1024,\"height\":490,\"caption\":\"JL Terraplenagem\"},\"image\":{\"@id\":\"https:\/\/jlterraplenagem.com.br\/global\/#\/schema\/logo\/image\/\"}}]}<\/script>\n<!-- \/ Yoast SEO Premium plugin. -->","yoast_head_json":{"title":"obras demoli\u00e7\u00e3o - JL Terraplenagem","robots":{"index":"index","follow":"follow","max-snippet":"max-snippet:-1","max-image-preview":"max-image-preview:large","max-video-preview":"max-video-preview:-1"},"canonical":"https:\/\/jlterraplenagem.com.br\/global\/obras-demolicao\/","og_locale":"pt_BR","og_type":"article","og_title":"obras demoli\u00e7\u00e3o","og_description":"Obras de Demoli\u00e7\u00e3o","og_url":"https:\/\/jlterraplenagem.com.br\/global\/obras-demolicao\/","og_site_name":"JL Terraplenagem","article_modified_time":"2024-11-25T13:13:42+00:00","twitter_card":"summary_large_image","twitter_misc":{"Est. tempo de leitura":"1 minuto"},"schema":{"@context":"https:\/\/schema.org","@graph":[{"@type":"WebPage","@id":"https:\/\/jlterraplenagem.com.br\/global\/obras-demolicao\/","url":"https:\/\/jlterraplenagem.com.br\/global\/obras-demolicao\/","name":"obras demoli\u00e7\u00e3o - JL Terraplenagem","isPartOf":{"@id":"https:\/\/jlterraplenagem.com.br\/global\/#website"},"datePublished":"2024-08-01T15:31:35+00:00","dateModified":"2024-11-25T13:13:42+00:00","breadcrumb":{"@id":"https:\/\/jlterraplenagem.com.br\/global\/obras-demolicao\/#breadcrumb"},"inLanguage":"pt-BR","potentialAction":[{"@type":"ReadAction","target":["https:\/\/jlterraplenagem.com.br\/global\/obras-demolicao\/"]}]},{"@type":"BreadcrumbList","@id":"https:\/\/jlterraplenagem.com.br\/global\/obras-demolicao\/#breadcrumb","itemListElement":[{"@type":"ListItem","position":1,"name":"Home","item":"https:\/\/jlterraplenagem.com.br\/global\/"},{"@type":"ListItem","position":2,"name":"obras demoli\u00e7\u00e3o"}]},{"@type":"WebSite","@id":"https:\/\/jlterraplenagem.com.br\/global\/#website","url":"https:\/\/jlterraplenagem.com.br\/global\/","name":"JL Terraplenagem","description":"","publisher":{"@id":"https:\/\/jlterraplenagem.com.br\/global\/#organization"},"potentialAction":[{"@type":"SearchAction","target":{"@type":"EntryPoint","urlTemplate":"https:\/\/jlterraplenagem.com.br\/global\/?s={search_term_string}"},"query-input":{"@type":"PropertyValueSpecification","valueRequired":true,"valueName":"search_term_string"}}],"inLanguage":"pt-BR"},{"@type":"Organization","@id":"https:\/\/jlterraplenagem.com.br\/global\/#organization","name":"JL Terraplenagem","url":"https:\/\/jlterraplenagem.com.br\/global\/","logo":{"@type":"ImageObject","inLanguage":"pt-BR","@id":"https:\/\/jlterraplenagem.com.br\/global\/#\/schema\/logo\/image\/","url":"https:\/\/jlterraplenagem.com.br\/global\/wp-content\/uploads\/2024\/06\/WhatsApp-Image-2023-07-06-at-10.00.41-1024x490-1.jpeg","contentUrl":"https:\/\/jlterraplenagem.com.br\/global\/wp-content\/uploads\/2024\/06\/WhatsApp-Image-2023-07-06-at-10.00.41-1024x490-1.jpeg","width":1024,"height":490,"caption":"JL Terraplenagem"},"image":{"@id":"https:\/\/jlterraplenagem.com.br\/global\/#\/schema\/logo\/image\/"}}]}},"_links":{"self":[{"href":"https:\/\/jlterraplenagem.com.br\/global\/wp-json\/wp\/v2\/pages\/935"}],"collection":[{"href":"https:\/\/jlterraplenagem.com.br\/global\/wp-json\/wp\/v2\/pages"}],"about":[{"href":"https:\/\/jlterraplenagem.com.br\/global\/wp-json\/wp\/v2\/types\/page"}],"author":[{"embeddable":true,"href":"https:\/\/jlterraplenagem.com.br\/global\/wp-json\/wp\/v2\/users\/1"}],"replies":[{"embeddable":true,"href":"https:\/\/jlterraplenagem.com.br\/global\/wp-json\/wp\/v2\/comments?post=935"}],"version-history":[{"count":7,"href":"https:\/\/jlterraplenagem.com.br\/global\/wp-json\/wp\/v2\/pages\/935\/revisions"}],"predecessor-version":[{"id":3203,"href":"https:\/\/jlterraplenagem.com.br\/global\/wp-json\/wp\/v2\/pages\/935\/revisions\/3203"}],"wp:attachment":[{"href":"https:\/\/jlterraplenagem.com.br\/global\/wp-json\/wp\/v2\/media?parent=935"}],"curies":[{"name":"wp","href":"https:\/\/api.w.org\/{rel}","templated":true}]}}